{"id":2565,"date":"2025-12-11T21:09:04","date_gmt":"2025-12-11T21:09:04","guid":{"rendered":"https:\/\/mrmadeiras.com.br\/?page_id=2565"},"modified":"2025-12-12T19:11:34","modified_gmt":"2025-12-12T19:11:34","slug":"servicos","status":"publish","type":"page","link":"https:\/\/mrmadeiras.com.br\/index.php\/servicos\/","title":{"rendered":"Servi\u00e7os"},"content":{"rendered":"\t\t<div data-elementor-type=\"wp-page\" data-elementor-id=\"2565\" class=\"elementor elementor-2565\">\n\t\t\t\t<div class=\"elementor-element elementor-element-194a113b e-flex e-con-boxed e-con e-parent\" data-id=\"194a113b\" data-element_type=\"container\">\n\t\t\t\t\t<div class=\"e-con-inner\">\n\t\t\t\t<div class=\"elementor-element elementor-element-6c829884 elementor-widget elementor-widget-text-editor\" data-id=\"6c829884\" data-element_type=\"widget\" data-widget_type=\"text-editor.default\">\n\t\t\t\t\t\t\t\t\t\n<h3 class=\"wp-block-heading\">Servi\u00e7os&nbsp;Realizados<\/h3>\n\n\n\n<h4 class=\"wp-block-heading\">Trabalhamos com:<\/h4>\n\n\n\n<p>Espelho de Beiral de Cedrinho 15 cm, 20 cm, 25 cm, 30 cm<br>Espelho de Beiral de Ita\u00faba 15 cm, 20 cm, 25 cm, 30 cm<br>Deck de piscina de ita\u00faba<br>Deck de Piscina de Cedrinho<br>Forro de ita\u00faba<br>Forro de cedrinho vermelho<br>Forro de cedrinho mesclado<br>Meia cana de ita\u00faba<br>Meia cana de cedrinho<br>Rodap\u00e9 de ita\u00faba<br>Rodap\u00e9 de cedrinho<br>Ripa 1 x 2 &#8211; 1 x 3 &#8211; 1 x 4<br>Tab\u00faa 1 x 5 &#8211; 1 x 6 &#8211; 1 x 7 &#8211; 1 x 8 &#8211; 1 x 9 &#8211; 1 x 10 &#8211; 1 x 12<br>Caibro 2 x 2 &#8211; 2 x 3<br>Viga 2 x 4 &#8211; 2 x 6 &#8211; 2 x 7 &#8211; 2 x 8 &#8211; 2 x 9 &#8211; 2 x 10 &#8211; 2 x 12<br>Prancha 3 x 3 &#8211; 3 x 4 &#8211; 3 x 5 &#8211; 3 x 6 &#8211; 3 X 7 &#8211; 3 x 8 &#8211; 3 x 9 &#8211; 3 x 10 &#8211; 3 x 12<br>Sarrafo<\/p>\n\t\t\t\t\t\t\t\t<\/div>\n\t\t\t\t\t<\/div>\n\t\t\t\t<\/div>\n\t\t<div class=\"elementor-element elementor-element-4248a58 e-flex e-con-boxed e-con e-parent\" data-id=\"4248a58\" data-element_type=\"container\">\n\t\t\t\t\t<div class=\"e-con-inner\">\n\t\t\t\t<div class=\"elementor-element elementor-element-01b0206 elementor-widget elementor-widget-text-editor\" data-id=\"01b0206\" data-element_type=\"widget\" data-widget_type=\"text-editor.default\">\n\t\t\t\t\t\t\t\t\t<h4>Forros&nbsp; &nbsp; &nbsp; &nbsp; &nbsp; &nbsp; &nbsp; &nbsp; &nbsp; &nbsp; &nbsp; &nbsp; &nbsp; &nbsp; &nbsp; &nbsp; &nbsp; &nbsp; &nbsp; &nbsp; &nbsp; &nbsp; &nbsp; &nbsp; &nbsp; &nbsp; Madeira beneficiadas&nbsp; &nbsp; &nbsp; &nbsp; &nbsp; &nbsp; &nbsp; &nbsp; &nbsp; &nbsp; &nbsp; &nbsp; Cedrinho mesclado&nbsp;<\/h4>\t\t\t\t\t\t\t\t<\/div>\n\t\t\t\t\t<\/div>\n\t\t\t\t<\/div>\n\t\t<div class=\"elementor-element elementor-element-df9db0e e-grid e-con-boxed e-con e-parent\" data-id=\"df9db0e\" data-element_type=\"container\">\n\t\t\t\t\t<div class=\"e-con-inner\">\n\t\t\t\t<div class=\"elementor-element elementor-element-90ead10 elementor-widget elementor-widget-video\" data-id=\"90ead10\" data-element_type=\"widget\" data-settings=\"{&quot;video_type&quot;:&quot;hosted&quot;,&quot;controls&quot;:&quot;yes&quot;}\" data-widget_type=\"video.default\">\n\t\t\t\t\t\t\t<div class=\"e-hosted-video elementor-wrapper elementor-open-inline\">\n\t\t\t\t\t<video class=\"elementor-video\" src=\"https:\/\/mrmadeiras.com.br\/wp-content\/uploads\/2025\/12\/video-forro01.mp4\" controls=\"\" preload=\"metadata\" controlsList=\"nodownload\"><\/video>\n\t\t\t\t<\/div>\n\t\t\t\t\t\t<\/div>\n\t\t\t\t<div class=\"elementor-element elementor-element-bcad81e elementor-widget elementor-widget-video\" data-id=\"bcad81e\" data-element_type=\"widget\" data-settings=\"{&quot;video_type&quot;:&quot;hosted&quot;,&quot;controls&quot;:&quot;yes&quot;}\" data-widget_type=\"video.default\">\n\t\t\t\t\t\t\t<div class=\"e-hosted-video elementor-wrapper elementor-open-inline\">\n\t\t\t\t\t<video class=\"elementor-video\" src=\"https:\/\/mrmadeiras.com.br\/wp-content\/uploads\/2025\/12\/Madeira-beneficiads-de-angelin.mp4\" controls=\"\" preload=\"metadata\" controlsList=\"nodownload\"><\/video>\n\t\t\t\t<\/div>\n\t\t\t\t\t\t<\/div>\n\t\t\t\t<div class=\"elementor-element elementor-element-8e08e14 elementor-widget elementor-widget-video\" data-id=\"8e08e14\" data-element_type=\"widget\" data-settings=\"{&quot;video_type&quot;:&quot;hosted&quot;,&quot;controls&quot;:&quot;yes&quot;}\" data-widget_type=\"video.default\">\n\t\t\t\t\t\t\t<div class=\"e-hosted-video elementor-wrapper elementor-open-inline\">\n\t\t\t\t\t<video class=\"elementor-video\" src=\"https:\/\/mrmadeiras.com.br\/wp-content\/uploads\/2025\/12\/video-02.mp4\" controls=\"\" preload=\"metadata\" controlsList=\"nodownload\"><\/video>\n\t\t\t\t<\/div>\n\t\t\t\t\t\t<\/div>\n\t\t\t\t\t<\/div>\n\t\t\t\t<\/div>\n\t\t\t\t<\/div>\n\t\t","protected":false},"excerpt":{"rendered":"<p>Servi\u00e7os&nbsp;Realizados Trabalhamos com: Espelho de Beiral de Cedrinho 15 cm, 20 cm, 25 cm, 30 cmEspelho de Beiral de Ita\u00faba 15 cm, 20 cm, 25 cm, 30 cmDeck de piscina de ita\u00fabaDeck de Piscina de CedrinhoForro de ita\u00fabaForro de cedrinho vermelhoForro de cedrinho mescladoMeia cana de ita\u00fabaMeia cana de cedrinhoRodap\u00e9 de ita\u00fabaRodap\u00e9 de cedrinhoRipa 1 [&hellip;]<\/p>\n","protected":false},"author":1,"featured_media":0,"parent":0,"menu_order":0,"comment_status":"closed","ping_status":"closed","template":"","meta":{"_joinchat":[],"footnotes":""},"class_list":["post-2565","page","type-page","status-publish","hentry"],"_links":{"self":[{"href":"https:\/\/mrmadeiras.com.br\/index.php\/wp-json\/wp\/v2\/pages\/2565","targetHints":{"allow":["GET"]}}],"collection":[{"href":"https:\/\/mrmadeiras.com.br\/index.php\/wp-json\/wp\/v2\/pages"}],"about":[{"href":"https:\/\/mrmadeiras.com.br\/index.php\/wp-json\/wp\/v2\/types\/page"}],"author":[{"embeddable":true,"href":"https:\/\/mrmadeiras.com.br\/index.php\/wp-json\/wp\/v2\/users\/1"}],"replies":[{"embeddable":true,"href":"https:\/\/mrmadeiras.com.br\/index.php\/wp-json\/wp\/v2\/comments?post=2565"}],"version-history":[{"count":8,"href":"https:\/\/mrmadeiras.com.br\/index.php\/wp-json\/wp\/v2\/pages\/2565\/revisions"}],"predecessor-version":[{"id":2750,"href":"https:\/\/mrmadeiras.com.br\/index.php\/wp-json\/wp\/v2\/pages\/2565\/revisions\/2750"}],"wp:attachment":[{"href":"https:\/\/mrmadeiras.com.br\/index.php\/wp-json\/wp\/v2\/media?parent=2565"}],"curies":[{"name":"wp","href":"https:\/\/api.w.org\/{rel}","templated":true}]}}