{"id":2573,"date":"2025-12-11T21:22:16","date_gmt":"2025-12-11T21:22:16","guid":{"rendered":"https:\/\/mrmadeiras.com.br\/?page_id=2573"},"modified":"2025-12-18T15:08:19","modified_gmt":"2025-12-18T15:08:19","slug":"itauba","status":"publish","type":"page","link":"https:\/\/mrmadeiras.com.br\/index.php\/itauba\/","title":{"rendered":"Ita\u00faba"},"content":{"rendered":"\t\t<div data-elementor-type=\"wp-page\" data-elementor-id=\"2573\" class=\"elementor elementor-2573\">\n\t\t\t\t<div class=\"elementor-element elementor-element-1d63aea4 e-flex e-con-boxed e-con e-parent\" data-id=\"1d63aea4\" data-element_type=\"container\">\n\t\t\t\t\t<div class=\"e-con-inner\">\n\t\t\t\t<div class=\"elementor-element elementor-element-463bb7e1 elementor-widget elementor-widget-text-editor\" data-id=\"463bb7e1\" data-element_type=\"widget\" data-widget_type=\"text-editor.default\">\n\t\t\t\t\t\t\t\t\t\n<h2 class=\"wp-block-heading\"><strong>Qualidade, Durabilidade e Acabamento Premium<\/strong><\/h2>\n\n<p>A madeira de <strong>Ita\u00faba<\/strong> \u00e9 uma das mais procuradas no setor de constru\u00e7\u00e3o e acabamentos por sua <strong>alta resist\u00eancia<\/strong>, <strong>beleza natural<\/strong> e <strong>excelente durabilidade<\/strong>. Na <em>Mr Madeiras<\/em>, oferecemos servi\u00e7os especializados utilizando Ita\u00faba selecionada, garantindo um resultado final robusto, elegante e com \u00f3timo custo-benef\u00edcio.<\/p>\n\n<h3 class=\"wp-block-heading\"><strong>Nossos Servi\u00e7os com Madeira de Ita\u00faba<\/strong><\/h3>\n\n<p><strong>\u2714\ufe0f Decks de Ita\u00faba<\/strong><br \/>Decks com acabamento profissional, ideais para \u00e1reas externas, piscinas, varandas e espa\u00e7os gourmet. A Ita\u00faba resiste muito bem ao sol, chuva e umidade, mantendo sua cor e firmeza por muitos anos.<\/p>\n\n<p><strong>\u2714\ufe0f Pergolados e Estruturas<\/strong><br \/>Constru\u00e7\u00e3o de pergolados, coberturas, vigas e estruturas diversas. A Ita\u00faba oferece estabilidade e um visual sofisticado, trazendo charme e rusticidade ao ambiente.<\/p>\n\n<p><strong>\u2714\ufe0f Assoalhos e Pisos<\/strong><br \/>Pisos de Ita\u00faba possuem textura uniforme e excelente durabilidade, proporcionando um acabamento elegante para ambientes internos e externos.<\/p>\n\n<p><strong>\u2714\ufe0f Forros, Revestimentos e Lambris<\/strong><br \/>Revestimentos em Ita\u00faba agregam conforto t\u00e9rmico, beleza e resist\u00eancia, valorizando qualquer espa\u00e7o.<\/p>\n\n<p><strong>\u2714\ufe0f Madeiramento para Telhados<\/strong><br \/>Rafters, caibros e ripas em Ita\u00faba, garantindo seguran\u00e7a, resist\u00eancia e vida \u00fatil superior para sua cobertura.<\/p>\n\t\t\t\t\t\t\t\t<\/div>\n\t\t\t\t\t<\/div>\n\t\t\t\t<\/div>\n\t\t<div class=\"elementor-element elementor-element-17e623b e-flex e-con-boxed e-con e-parent\" data-id=\"17e623b\" data-element_type=\"container\">\n\t\t\t\t\t<div class=\"e-con-inner\">\n\t\t\t\t<div class=\"elementor-element elementor-element-5f7acce elementor-arrows-position-inside elementor-pagination-position-outside elementor-widget elementor-widget-image-carousel\" data-id=\"5f7acce\" data-element_type=\"widget\" data-settings=\"{&quot;navigation&quot;:&quot;both&quot;,&quot;autoplay&quot;:&quot;yes&quot;,&quot;pause_on_hover&quot;:&quot;yes&quot;,&quot;pause_on_interaction&quot;:&quot;yes&quot;,&quot;autoplay_speed&quot;:5000,&quot;infinite&quot;:&quot;yes&quot;,&quot;speed&quot;:500}\" data-widget_type=\"image-carousel.default\">\n\t\t\t\t\t\t\t<div class=\"elementor-image-carousel-wrapper swiper\" role=\"region\" aria-roledescription=\"carousel\" aria-label=\"Carrossel de imagens\" dir=\"ltr\">\n\t\t\t<div class=\"elementor-image-carousel swiper-wrapper\" aria-live=\"off\">\n\t\t\t\t\t\t\t\t<div class=\"swiper-slide\" role=\"group\" aria-roledescription=\"slide\" aria-label=\"1 de 4\"><figure class=\"swiper-slide-inner\"><img decoding=\"async\" class=\"swiper-slide-image\" src=\"https:\/\/mrmadeiras.com.br\/wp-content\/uploads\/2025\/12\/03pq.jpg\" alt=\"Tesoura de Ita\u00faba Beneficiada\" \/><\/figure><\/div><div class=\"swiper-slide\" role=\"group\" aria-roledescription=\"slide\" aria-label=\"2 de 4\"><figure class=\"swiper-slide-inner\"><img decoding=\"async\" class=\"swiper-slide-image\" src=\"https:\/\/mrmadeiras.com.br\/wp-content\/uploads\/2025\/12\/01pq.jpg\" alt=\"1, 2, 3 Polegadas\" \/><\/figure><\/div><div class=\"swiper-slide\" role=\"group\" aria-roledescription=\"slide\" aria-label=\"3 de 4\"><figure class=\"swiper-slide-inner\"><img decoding=\"async\" class=\"swiper-slide-image\" src=\"https:\/\/mrmadeiras.com.br\/wp-content\/uploads\/2025\/12\/05pq.jpg\" alt=\"Tesoura de Ita\u00faba Beneficiada\" \/><\/figure><\/div><div class=\"swiper-slide\" role=\"group\" aria-roledescription=\"slide\" aria-label=\"4 de 4\"><figure class=\"swiper-slide-inner\"><img decoding=\"async\" class=\"swiper-slide-image\" src=\"https:\/\/mrmadeiras.com.br\/wp-content\/uploads\/2025\/12\/04pq.jpg\" alt=\"Tesoura de Ita\u00faba Beneficiada\" \/><\/figure><\/div>\t\t\t<\/div>\n\t\t\t\t\t\t\t\t\t\t\t\t<div class=\"elementor-swiper-button elementor-swiper-button-prev\" role=\"button\" tabindex=\"0\">\n\t\t\t\t\t\t<svg aria-hidden=\"true\" class=\"e-font-icon-svg e-eicon-chevron-left\" viewBox=\"0 0 1000 1000\" xmlns=\"http:\/\/www.w3.org\/2000\/svg\"><path d=\"M646 125C629 125 613 133 604 142L308 442C296 454 292 471 292 487 292 504 296 521 308 533L604 854C617 867 629 875 646 875 663 875 679 871 692 858 704 846 713 829 713 812 713 796 708 779 692 767L438 487 692 225C700 217 708 204 708 187 708 171 704 154 692 142 675 129 663 125 646 125Z\"><\/path><\/svg>\t\t\t\t\t<\/div>\n\t\t\t\t\t<div class=\"elementor-swiper-button elementor-swiper-button-next\" role=\"button\" tabindex=\"0\">\n\t\t\t\t\t\t<svg aria-hidden=\"true\" class=\"e-font-icon-svg e-eicon-chevron-right\" viewBox=\"0 0 1000 1000\" xmlns=\"http:\/\/www.w3.org\/2000\/svg\"><path d=\"M696 533C708 521 713 504 713 487 713 471 708 454 696 446L400 146C388 133 375 125 354 125 338 125 325 129 313 142 300 154 292 171 292 187 292 204 296 221 308 233L563 492 304 771C292 783 288 800 288 817 288 833 296 850 308 863 321 871 338 875 354 875 371 875 388 867 400 854L696 533Z\"><\/path><\/svg>\t\t\t\t\t<\/div>\n\t\t\t\t\n\t\t\t\t\t\t\t\t\t<div class=\"swiper-pagination\"><\/div>\n\t\t\t\t\t\t\t\t\t<\/div>\n\t\t\t\t\t\t<\/div>\n\t\t\t\t\t<\/div>\n\t\t\t\t<\/div>\n\t\t<div class=\"elementor-element elementor-element-ccd8262 e-flex e-con-boxed e-con e-parent\" data-id=\"ccd8262\" data-element_type=\"container\">\n\t\t\t\t\t<div class=\"e-con-inner\">\n\t\t\t\t<div class=\"elementor-element elementor-element-51473c7 elementor-widget elementor-widget-text-editor\" data-id=\"51473c7\" data-element_type=\"widget\" data-widget_type=\"text-editor.default\">\n\t\t\t\t\t\t\t\t\t<h4>Forros\u00a0 \u00a0 \u00a0 \u00a0 \u00a0 \u00a0 \u00a0 \u00a0 \u00a0 \u00a0 \u00a0 \u00a0 \u00a0 \u00a0 \u00a0 \u00a0 \u00a0 \u00a0 \u00a0 \u00a0 \u00a0 \u00a0 \u00a0 \u00a0 \u00a0 Madeira beneficiadas\u00a0 \u00a0 \u00a0 \u00a0 \u00a0 \u00a0 \u00a0 \u00a0 \u00a0 \u00a0 \u00a0 \u00a0 Cedrinho mesclado\u00a0<\/h4>\t\t\t\t\t\t\t\t<\/div>\n\t\t\t\t\t<\/div>\n\t\t\t\t<\/div>\n\t\t<div class=\"elementor-element elementor-element-6b1798c e-grid e-con-boxed e-con e-parent\" data-id=\"6b1798c\" data-element_type=\"container\">\n\t\t\t\t\t<div class=\"e-con-inner\">\n\t\t\t\t<div class=\"elementor-element elementor-element-8903eb7 elementor-widget elementor-widget-video\" data-id=\"8903eb7\" data-element_type=\"widget\" data-settings=\"{&quot;video_type&quot;:&quot;hosted&quot;,&quot;controls&quot;:&quot;yes&quot;}\" data-widget_type=\"video.default\">\n\t\t\t\t\t\t\t<div class=\"e-hosted-video elementor-wrapper elementor-open-inline\">\n\t\t\t\t\t<video class=\"elementor-video\" src=\"https:\/\/mrmadeiras.com.br\/wp-content\/uploads\/2025\/12\/video-forro01.mp4\" controls=\"\" preload=\"metadata\" controlsList=\"nodownload\"><\/video>\n\t\t\t\t<\/div>\n\t\t\t\t\t\t<\/div>\n\t\t\t\t<div class=\"elementor-element elementor-element-3ba139b elementor-widget elementor-widget-video\" data-id=\"3ba139b\" data-element_type=\"widget\" data-settings=\"{&quot;video_type&quot;:&quot;hosted&quot;,&quot;controls&quot;:&quot;yes&quot;}\" data-widget_type=\"video.default\">\n\t\t\t\t\t\t\t<div class=\"e-hosted-video elementor-wrapper elementor-open-inline\">\n\t\t\t\t\t<video class=\"elementor-video\" src=\"https:\/\/mrmadeiras.com.br\/wp-content\/uploads\/2025\/12\/Madeira-beneficiads-de-angelin.mp4\" controls=\"\" preload=\"metadata\" controlsList=\"nodownload\"><\/video>\n\t\t\t\t<\/div>\n\t\t\t\t\t\t<\/div>\n\t\t\t\t<div class=\"elementor-element elementor-element-8c7bc87 elementor-widget elementor-widget-video\" data-id=\"8c7bc87\" data-element_type=\"widget\" data-settings=\"{&quot;video_type&quot;:&quot;hosted&quot;,&quot;controls&quot;:&quot;yes&quot;}\" data-widget_type=\"video.default\">\n\t\t\t\t\t\t\t<div class=\"e-hosted-video elementor-wrapper elementor-open-inline\">\n\t\t\t\t\t<video class=\"elementor-video\" src=\"https:\/\/mrmadeiras.com.br\/wp-content\/uploads\/2025\/12\/video-02.mp4\" controls=\"\" preload=\"metadata\" controlsList=\"nodownload\"><\/video>\n\t\t\t\t<\/div>\n\t\t\t\t\t\t<\/div>\n\t\t\t\t\t<\/div>\n\t\t\t\t<\/div>\n\t\t\t\t<\/div>\n\t\t","protected":false},"excerpt":{"rendered":"<p>Qualidade, Durabilidade e Acabamento Premium A madeira de Ita\u00faba \u00e9 uma das mais procuradas no setor de constru\u00e7\u00e3o e acabamentos por sua alta resist\u00eancia, beleza natural e excelente durabilidade. Na Mr Madeiras, oferecemos servi\u00e7os especializados utilizando Ita\u00faba selecionada, garantindo um resultado final robusto, elegante e com \u00f3timo custo-benef\u00edcio. Nossos Servi\u00e7os com Madeira de Ita\u00faba \u2714\ufe0f [&hellip;]<\/p>\n","protected":false},"author":1,"featured_media":0,"parent":0,"menu_order":0,"comment_status":"closed","ping_status":"closed","template":"","meta":{"_joinchat":[],"footnotes":""},"class_list":["post-2573","page","type-page","status-publish","hentry"],"_links":{"self":[{"href":"https:\/\/mrmadeiras.com.br\/index.php\/wp-json\/wp\/v2\/pages\/2573","targetHints":{"allow":["GET"]}}],"collection":[{"href":"https:\/\/mrmadeiras.com.br\/index.php\/wp-json\/wp\/v2\/pages"}],"about":[{"href":"https:\/\/mrmadeiras.com.br\/index.php\/wp-json\/wp\/v2\/types\/page"}],"author":[{"embeddable":true,"href":"https:\/\/mrmadeiras.com.br\/index.php\/wp-json\/wp\/v2\/users\/1"}],"replies":[{"embeddable":true,"href":"https:\/\/mrmadeiras.com.br\/index.php\/wp-json\/wp\/v2\/comments?post=2573"}],"version-history":[{"count":16,"href":"https:\/\/mrmadeiras.com.br\/index.php\/wp-json\/wp\/v2\/pages\/2573\/revisions"}],"predecessor-version":[{"id":2827,"href":"https:\/\/mrmadeiras.com.br\/index.php\/wp-json\/wp\/v2\/pages\/2573\/revisions\/2827"}],"wp:attachment":[{"href":"https:\/\/mrmadeiras.com.br\/index.php\/wp-json\/wp\/v2\/media?parent=2573"}],"curies":[{"name":"wp","href":"https:\/\/api.w.org\/{rel}","templated":true}]}}