{"id":2594,"date":"2025-12-12T16:54:13","date_gmt":"2025-12-12T16:54:13","guid":{"rendered":"https:\/\/mrmadeiras.com.br\/?page_id=2594"},"modified":"2025-12-16T16:57:14","modified_gmt":"2025-12-16T16:57:14","slug":"deck-de-madeira","status":"publish","type":"page","link":"https:\/\/mrmadeiras.com.br\/index.php\/deck-de-madeira\/","title":{"rendered":"Deck de Madeira"},"content":{"rendered":"\t\t<div data-elementor-type=\"wp-page\" data-elementor-id=\"2594\" class=\"elementor elementor-2594\">\n\t\t\t\t<div class=\"elementor-element elementor-element-194a113b e-flex e-con-boxed e-con e-parent\" data-id=\"194a113b\" data-element_type=\"container\">\n\t\t\t\t\t<div class=\"e-con-inner\">\n\t\t\t\t<div class=\"elementor-element elementor-element-6c829884 elementor-widget elementor-widget-text-editor\" data-id=\"6c829884\" data-element_type=\"widget\" data-widget_type=\"text-editor.default\">\n\t\t\t\t\t\t\t\t\t<h3 data-start=\"260\" data-end=\"298\"><strong data-start=\"267\" data-end=\"298\">Deck de Madeira Beneficiada<\/strong><\/h3>\n<p data-start=\"299\" data-end=\"599\">O deck de madeira beneficiada \u00e9 a escolha perfeita para quem busca <strong data-start=\"366\" data-end=\"412\">beleza natural, resist\u00eancia e durabilidade<\/strong>. Produzido com madeiras selecionadas e tratadas, ele passa por processos de secagem, aparelhamento e acabamento que garantem maior vida \u00fatil, estabilidade e excelente resultado est\u00e9tico.<\/p>\n<p data-start=\"601\" data-end=\"784\">Ideal para <strong data-start=\"612\" data-end=\"630\">\u00e1reas externas<\/strong>, o deck valoriza ambientes como <strong data-start=\"663\" data-end=\"730\">jardins, piscinas, varandas, \u00e1reas gourmet e espa\u00e7os comerciais<\/strong>, trazendo conforto t\u00e9rmico e sofistica\u00e7\u00e3o ao projeto.<\/p>\t\t\t\t\t\t\t\t<\/div>\n\t\t\t\t\t<\/div>\n\t\t\t\t<\/div>\n\t\t<div class=\"elementor-element elementor-element-6726e2e e-flex e-con-boxed e-con e-parent\" data-id=\"6726e2e\" data-element_type=\"container\">\n\t\t\t\t\t<div class=\"e-con-inner\">\n\t\t\t\t<div class=\"elementor-element elementor-element-31816f5 elementor-widget elementor-widget-image-gallery\" data-id=\"31816f5\" data-element_type=\"widget\" data-widget_type=\"image-gallery.default\">\n\t\t\t\t\t\t\t<div class=\"elementor-image-gallery\">\n\t\t\t<div id='gallery-1' class='gallery galleryid-2594 gallery-columns-3 gallery-size-medium'><figure class='gallery-item'>\n\t\t\t<div class='gallery-icon landscape'>\n\t\t\t\t<a data-elementor-open-lightbox=\"yes\" data-elementor-lightbox-slideshow=\"31816f5\" data-elementor-lightbox-title=\"02pq\" data-e-action-hash=\"#elementor-action%3Aaction%3Dlightbox%26settings%3DeyJpZCI6MjY1NSwidXJsIjoiaHR0cHM6XC9cL21ybWFkZWlyYXMuY29tLmJyXC93cC1jb250ZW50XC91cGxvYWRzXC8yMDI1XC8xMlwvMDJwcS0zLmpwZyIsInNsaWRlc2hvdyI6IjMxODE2ZjUifQ%3D%3D\" href='https:\/\/mrmadeiras.com.br\/wp-content\/uploads\/2025\/12\/02pq-3.jpg'><img fetchpriority=\"high\" decoding=\"async\" width=\"300\" height=\"300\" src=\"https:\/\/mrmadeiras.com.br\/wp-content\/uploads\/2025\/12\/02pq-3-300x300.jpg\" class=\"attachment-medium size-medium\" alt=\"\" aria-describedby=\"gallery-1-2655\" srcset=\"https:\/\/mrmadeiras.com.br\/wp-content\/uploads\/2025\/12\/02pq-3-300x300.jpg 300w, https:\/\/mrmadeiras.com.br\/wp-content\/uploads\/2025\/12\/02pq-3-150x150.jpg 150w, https:\/\/mrmadeiras.com.br\/wp-content\/uploads\/2025\/12\/02pq-3-89x89.jpg 89w, https:\/\/mrmadeiras.com.br\/wp-content\/uploads\/2025\/12\/02pq-3.jpg 370w\" sizes=\"(max-width: 300px) 100vw, 300px\" \/><\/a>\n\t\t\t<\/div>\n\t\t\t\t<figcaption class='wp-caption-text gallery-caption' id='gallery-1-2655'>\n\t\t\t\tDeck de Madeira Beneficiada\n\t\t\t\t<\/figcaption><\/figure><figure class='gallery-item'>\n\t\t\t<div class='gallery-icon landscape'>\n\t\t\t\t<a data-elementor-open-lightbox=\"yes\" data-elementor-lightbox-slideshow=\"31816f5\" data-elementor-lightbox-title=\"01\" data-e-action-hash=\"#elementor-action%3Aaction%3Dlightbox%26settings%3DeyJpZCI6MjY1NCwidXJsIjoiaHR0cHM6XC9cL21ybWFkZWlyYXMuY29tLmJyXC93cC1jb250ZW50XC91cGxvYWRzXC8yMDI1XC8xMlwvMDEtNC5qcGciLCJzbGlkZXNob3ciOiIzMTgxNmY1In0%3D\" href='https:\/\/mrmadeiras.com.br\/wp-content\/uploads\/2025\/12\/01-4.jpg'><img decoding=\"async\" width=\"300\" height=\"225\" src=\"https:\/\/mrmadeiras.com.br\/wp-content\/uploads\/2025\/12\/01-4-300x225.jpg\" class=\"attachment-medium size-medium\" alt=\"\" aria-describedby=\"gallery-1-2654\" srcset=\"https:\/\/mrmadeiras.com.br\/wp-content\/uploads\/2025\/12\/01-4-300x225.jpg 300w, https:\/\/mrmadeiras.com.br\/wp-content\/uploads\/2025\/12\/01-4.jpg 600w\" sizes=\"(max-width: 300px) 100vw, 300px\" \/><\/a>\n\t\t\t<\/div>\n\t\t\t\t<figcaption class='wp-caption-text gallery-caption' id='gallery-1-2654'>\n\t\t\t\tDeck de Madeira Beneficiada\n\t\t\t\t<\/figcaption><\/figure><figure class='gallery-item'>\n\t\t\t<div class='gallery-icon landscape'>\n\t\t\t\t<a data-elementor-open-lightbox=\"yes\" data-elementor-lightbox-slideshow=\"31816f5\" data-elementor-lightbox-title=\"03pq\" data-e-action-hash=\"#elementor-action%3Aaction%3Dlightbox%26settings%3DeyJpZCI6MjY1NywidXJsIjoiaHR0cHM6XC9cL21ybWFkZWlyYXMuY29tLmJyXC93cC1jb250ZW50XC91cGxvYWRzXC8yMDI1XC8xMlwvMDNwcS0zLmpwZyIsInNsaWRlc2hvdyI6IjMxODE2ZjUifQ%3D%3D\" href='https:\/\/mrmadeiras.com.br\/wp-content\/uploads\/2025\/12\/03pq-3.jpg'><img decoding=\"async\" width=\"300\" height=\"300\" src=\"https:\/\/mrmadeiras.com.br\/wp-content\/uploads\/2025\/12\/03pq-3-300x300.jpg\" class=\"attachment-medium size-medium\" alt=\"\" aria-describedby=\"gallery-1-2657\" srcset=\"https:\/\/mrmadeiras.com.br\/wp-content\/uploads\/2025\/12\/03pq-3-300x300.jpg 300w, https:\/\/mrmadeiras.com.br\/wp-content\/uploads\/2025\/12\/03pq-3-150x150.jpg 150w, https:\/\/mrmadeiras.com.br\/wp-content\/uploads\/2025\/12\/03pq-3-89x89.jpg 89w, https:\/\/mrmadeiras.com.br\/wp-content\/uploads\/2025\/12\/03pq-3.jpg 370w\" sizes=\"(max-width: 300px) 100vw, 300px\" \/><\/a>\n\t\t\t<\/div>\n\t\t\t\t<figcaption class='wp-caption-text gallery-caption' id='gallery-1-2657'>\n\t\t\t\tDeck de Madeira Beneficiada\n\t\t\t\t<\/figcaption><\/figure>\n\t\t<\/div>\n\t\t<\/div>\n\t\t\t\t\t\t<\/div>\n\t\t\t\t\t<\/div>\n\t\t\t\t<\/div>\n\t\t<div class=\"elementor-element elementor-element-1f17cae e-flex e-con-boxed e-con e-parent\" data-id=\"1f17cae\" data-element_type=\"container\">\n\t\t\t\t\t<div class=\"e-con-inner\">\n\t\t\t\t<div class=\"elementor-element elementor-element-7aca749 elementor-widget elementor-widget-text-editor\" data-id=\"7aca749\" data-element_type=\"widget\" data-widget_type=\"text-editor.default\">\n\t\t\t\t\t\t\t\t\t<h4>Forros&nbsp; &nbsp; &nbsp; &nbsp; &nbsp; &nbsp; &nbsp; &nbsp; &nbsp; &nbsp; &nbsp; &nbsp; &nbsp; &nbsp; &nbsp; &nbsp; &nbsp; &nbsp; &nbsp; &nbsp; &nbsp; &nbsp; &nbsp; &nbsp; &nbsp; &nbsp; Madeira beneficiadas&nbsp; &nbsp; &nbsp; &nbsp; &nbsp; &nbsp; &nbsp; &nbsp; &nbsp; &nbsp; &nbsp; &nbsp; Cedrinho mesclado&nbsp;<\/h4>\t\t\t\t\t\t\t\t<\/div>\n\t\t\t\t\t<\/div>\n\t\t\t\t<\/div>\n\t\t<div class=\"elementor-element elementor-element-344c8ab e-grid e-con-boxed e-con e-parent\" data-id=\"344c8ab\" data-element_type=\"container\">\n\t\t\t\t\t<div class=\"e-con-inner\">\n\t\t\t\t<div class=\"elementor-element elementor-element-b365445 elementor-widget elementor-widget-video\" data-id=\"b365445\" data-element_type=\"widget\" data-settings=\"{&quot;video_type&quot;:&quot;hosted&quot;,&quot;controls&quot;:&quot;yes&quot;}\" data-widget_type=\"video.default\">\n\t\t\t\t\t\t\t<div class=\"e-hosted-video elementor-wrapper elementor-open-inline\">\n\t\t\t\t\t<video class=\"elementor-video\" src=\"https:\/\/mrmadeiras.com.br\/wp-content\/uploads\/2025\/12\/video-forro01.mp4\" controls=\"\" preload=\"metadata\" controlsList=\"nodownload\"><\/video>\n\t\t\t\t<\/div>\n\t\t\t\t\t\t<\/div>\n\t\t\t\t<div class=\"elementor-element elementor-element-fa1852f elementor-widget elementor-widget-video\" data-id=\"fa1852f\" data-element_type=\"widget\" data-settings=\"{&quot;video_type&quot;:&quot;hosted&quot;,&quot;controls&quot;:&quot;yes&quot;}\" data-widget_type=\"video.default\">\n\t\t\t\t\t\t\t<div class=\"e-hosted-video elementor-wrapper elementor-open-inline\">\n\t\t\t\t\t<video class=\"elementor-video\" src=\"https:\/\/mrmadeiras.com.br\/wp-content\/uploads\/2025\/12\/Madeira-beneficiads-de-angelin.mp4\" controls=\"\" preload=\"metadata\" controlsList=\"nodownload\"><\/video>\n\t\t\t\t<\/div>\n\t\t\t\t\t\t<\/div>\n\t\t\t\t<div class=\"elementor-element elementor-element-221ac4d elementor-widget elementor-widget-video\" data-id=\"221ac4d\" data-element_type=\"widget\" data-settings=\"{&quot;video_type&quot;:&quot;hosted&quot;,&quot;controls&quot;:&quot;yes&quot;}\" data-widget_type=\"video.default\">\n\t\t\t\t\t\t\t<div class=\"e-hosted-video elementor-wrapper elementor-open-inline\">\n\t\t\t\t\t<video class=\"elementor-video\" src=\"https:\/\/mrmadeiras.com.br\/wp-content\/uploads\/2025\/12\/video-02.mp4\" controls=\"\" preload=\"metadata\" controlsList=\"nodownload\"><\/video>\n\t\t\t\t<\/div>\n\t\t\t\t\t\t<\/div>\n\t\t\t\t\t<\/div>\n\t\t\t\t<\/div>\n\t\t\t\t<\/div>\n\t\t","protected":false},"excerpt":{"rendered":"<p>Deck de Madeira Beneficiada O deck de madeira beneficiada \u00e9 a escolha perfeita para quem busca beleza natural, resist\u00eancia e durabilidade. Produzido com madeiras selecionadas e tratadas, ele passa por processos de secagem, aparelhamento e acabamento que garantem maior vida \u00fatil, estabilidade e excelente resultado est\u00e9tico. Ideal para \u00e1reas externas, o deck valoriza ambientes como [&hellip;]<\/p>\n","protected":false},"author":1,"featured_media":0,"parent":0,"menu_order":0,"comment_status":"closed","ping_status":"closed","template":"","meta":{"_joinchat":[],"footnotes":""},"class_list":["post-2594","page","type-page","status-publish","hentry"],"_links":{"self":[{"href":"https:\/\/mrmadeiras.com.br\/index.php\/wp-json\/wp\/v2\/pages\/2594","targetHints":{"allow":["GET"]}}],"collection":[{"href":"https:\/\/mrmadeiras.com.br\/index.php\/wp-json\/wp\/v2\/pages"}],"about":[{"href":"https:\/\/mrmadeiras.com.br\/index.php\/wp-json\/wp\/v2\/types\/page"}],"author":[{"embeddable":true,"href":"https:\/\/mrmadeiras.com.br\/index.php\/wp-json\/wp\/v2\/users\/1"}],"replies":[{"embeddable":true,"href":"https:\/\/mrmadeiras.com.br\/index.php\/wp-json\/wp\/v2\/comments?post=2594"}],"version-history":[{"count":16,"href":"https:\/\/mrmadeiras.com.br\/index.php\/wp-json\/wp\/v2\/pages\/2594\/revisions"}],"predecessor-version":[{"id":2769,"href":"https:\/\/mrmadeiras.com.br\/index.php\/wp-json\/wp\/v2\/pages\/2594\/revisions\/2769"}],"wp:attachment":[{"href":"https:\/\/mrmadeiras.com.br\/index.php\/wp-json\/wp\/v2\/media?parent=2594"}],"curies":[{"name":"wp","href":"https:\/\/api.w.org\/{rel}","templated":true}]}}