{"id":2600,"date":"2025-12-12T16:57:07","date_gmt":"2025-12-12T16:57:07","guid":{"rendered":"https:\/\/mrmadeiras.com.br\/?page_id=2600"},"modified":"2025-12-16T16:59:43","modified_gmt":"2025-12-16T16:59:43","slug":"forros","status":"publish","type":"page","link":"https:\/\/mrmadeiras.com.br\/index.php\/forros\/","title":{"rendered":"Forros"},"content":{"rendered":"\t\t<div data-elementor-type=\"wp-page\" data-elementor-id=\"2600\" class=\"elementor elementor-2600\">\n\t\t\t\t<div class=\"elementor-element elementor-element-194a113b e-flex e-con-boxed e-con e-parent\" data-id=\"194a113b\" data-element_type=\"container\">\n\t\t\t\t\t<div class=\"e-con-inner\">\n\t\t\t\t<div class=\"elementor-element elementor-element-6c829884 elementor-widget elementor-widget-text-editor\" data-id=\"6c829884\" data-element_type=\"widget\" data-widget_type=\"text-editor.default\">\n\t\t\t\t\t\t\t\t\t<p><strong data-start=\"212\" data-end=\"242\">Forro de Cedrinho Mesclado<\/strong> \u00e9 a escolha ideal para quem busca beleza natural, resist\u00eancia e um acabamento diferenciado. Com varia\u00e7\u00f5es sutis de tons, ele proporciona um visual elegante e aconchegante, valorizando qualquer ambiente.<\/p>\t\t\t\t\t\t\t\t<\/div>\n\t\t\t\t\t<\/div>\n\t\t\t\t<\/div>\n\t\t<div class=\"elementor-element elementor-element-bf4f399 e-flex e-con-boxed e-con e-parent\" data-id=\"bf4f399\" data-element_type=\"container\">\n\t\t\t\t\t<div class=\"e-con-inner\">\n\t\t\t\t<div class=\"elementor-element elementor-element-c66ffa6 elementor-widget elementor-widget-image-gallery\" data-id=\"c66ffa6\" data-element_type=\"widget\" data-widget_type=\"image-gallery.default\">\n\t\t\t\t\t\t\t<div class=\"elementor-image-gallery\">\n\t\t\t<div id='gallery-1' class='gallery galleryid-2600 gallery-columns-3 gallery-size-gardnma_300x476'><figure class='gallery-item'>\n\t\t\t<div class='gallery-icon landscape'>\n\t\t\t\t<a data-elementor-open-lightbox=\"yes\" data-elementor-lightbox-slideshow=\"c66ffa6\" data-elementor-lightbox-title=\"01pq\" data-e-action-hash=\"#elementor-action%3Aaction%3Dlightbox%26settings%3DeyJpZCI6MjY4MiwidXJsIjoiaHR0cHM6XC9cL21ybWFkZWlyYXMuY29tLmJyXC93cC1jb250ZW50XC91cGxvYWRzXC8yMDI1XC8xMlwvMDFwcS00LmpwZyIsInNsaWRlc2hvdyI6ImM2NmZmYTYifQ%3D%3D\" href='https:\/\/mrmadeiras.com.br\/wp-content\/uploads\/2025\/12\/01pq-4.jpg'><img fetchpriority=\"high\" decoding=\"async\" width=\"300\" height=\"370\" src=\"https:\/\/mrmadeiras.com.br\/wp-content\/uploads\/2025\/12\/01pq-4-300x370.jpg\" class=\"attachment-gardnma_300x476 size-gardnma_300x476\" alt=\"\" aria-describedby=\"gallery-1-2682\" \/><\/a>\n\t\t\t<\/div>\n\t\t\t\t<figcaption class='wp-caption-text gallery-caption' id='gallery-1-2682'>\n\t\t\t\tForro de Cedrinho Mesclado\n\t\t\t\t<\/figcaption><\/figure><figure class='gallery-item'>\n\t\t\t<div class='gallery-icon landscape'>\n\t\t\t\t<a data-elementor-open-lightbox=\"yes\" data-elementor-lightbox-slideshow=\"c66ffa6\" data-elementor-lightbox-title=\"02pq\" data-e-action-hash=\"#elementor-action%3Aaction%3Dlightbox%26settings%3DeyJpZCI6MjY4MywidXJsIjoiaHR0cHM6XC9cL21ybWFkZWlyYXMuY29tLmJyXC93cC1jb250ZW50XC91cGxvYWRzXC8yMDI1XC8xMlwvMDJwcS01LmpwZyIsInNsaWRlc2hvdyI6ImM2NmZmYTYifQ%3D%3D\" href='https:\/\/mrmadeiras.com.br\/wp-content\/uploads\/2025\/12\/02pq-5.jpg'><img decoding=\"async\" width=\"300\" height=\"370\" src=\"https:\/\/mrmadeiras.com.br\/wp-content\/uploads\/2025\/12\/02pq-5-300x370.jpg\" class=\"attachment-gardnma_300x476 size-gardnma_300x476\" alt=\"\" aria-describedby=\"gallery-1-2683\" \/><\/a>\n\t\t\t<\/div>\n\t\t\t\t<figcaption class='wp-caption-text gallery-caption' id='gallery-1-2683'>\n\t\t\t\tCambara Beneficiado c\/ Forro de Cedrinho Mesclado\n\t\t\t\t<\/figcaption><\/figure><figure class='gallery-item'>\n\t\t\t<div class='gallery-icon landscape'>\n\t\t\t\t<a data-elementor-open-lightbox=\"yes\" data-elementor-lightbox-slideshow=\"c66ffa6\" data-elementor-lightbox-title=\"03pq\" data-e-action-hash=\"#elementor-action%3Aaction%3Dlightbox%26settings%3DeyJpZCI6MjY4NCwidXJsIjoiaHR0cHM6XC9cL21ybWFkZWlyYXMuY29tLmJyXC93cC1jb250ZW50XC91cGxvYWRzXC8yMDI1XC8xMlwvMDNwcS01LmpwZyIsInNsaWRlc2hvdyI6ImM2NmZmYTYifQ%3D%3D\" href='https:\/\/mrmadeiras.com.br\/wp-content\/uploads\/2025\/12\/03pq-5.jpg'><img decoding=\"async\" width=\"300\" height=\"370\" src=\"https:\/\/mrmadeiras.com.br\/wp-content\/uploads\/2025\/12\/03pq-5-300x370.jpg\" class=\"attachment-gardnma_300x476 size-gardnma_300x476\" alt=\"\" aria-describedby=\"gallery-1-2684\" \/><\/a>\n\t\t\t<\/div>\n\t\t\t\t<figcaption class='wp-caption-text gallery-caption' id='gallery-1-2684'>\n\t\t\t\tCambara Beneficiado c\/ Forro de Cedrinho Mesclado\n\t\t\t\t<\/figcaption><\/figure>\n\t\t<\/div>\n\t\t<\/div>\n\t\t\t\t\t\t<\/div>\n\t\t\t\t\t<\/div>\n\t\t\t\t<\/div>\n\t\t<div class=\"elementor-element elementor-element-d777b54 e-flex e-con-boxed e-con e-parent\" data-id=\"d777b54\" data-element_type=\"container\">\n\t\t\t\t\t<div class=\"e-con-inner\">\n\t\t\t\t<div class=\"elementor-element elementor-element-0592c1d elementor-widget elementor-widget-text-editor\" data-id=\"0592c1d\" data-element_type=\"widget\" data-widget_type=\"text-editor.default\">\n\t\t\t\t\t\t\t\t\t<h4>Forros&nbsp; &nbsp; &nbsp; &nbsp; &nbsp; &nbsp; &nbsp; &nbsp; &nbsp; &nbsp; &nbsp; &nbsp; &nbsp; &nbsp; &nbsp; &nbsp; &nbsp; &nbsp; &nbsp; &nbsp; &nbsp; &nbsp; &nbsp; &nbsp; &nbsp; &nbsp; Madeira beneficiadas&nbsp; &nbsp; &nbsp; &nbsp; &nbsp; &nbsp; &nbsp; &nbsp; &nbsp; &nbsp; &nbsp; &nbsp; Cedrinho mesclado&nbsp;<\/h4>\t\t\t\t\t\t\t\t<\/div>\n\t\t\t\t\t<\/div>\n\t\t\t\t<\/div>\n\t\t<div class=\"elementor-element elementor-element-2be6fec e-grid e-con-boxed e-con e-parent\" data-id=\"2be6fec\" data-element_type=\"container\">\n\t\t\t\t\t<div class=\"e-con-inner\">\n\t\t\t\t<div class=\"elementor-element elementor-element-744e6e0 elementor-widget elementor-widget-video\" data-id=\"744e6e0\" data-element_type=\"widget\" data-settings=\"{&quot;video_type&quot;:&quot;hosted&quot;,&quot;controls&quot;:&quot;yes&quot;}\" data-widget_type=\"video.default\">\n\t\t\t\t\t\t\t<div class=\"e-hosted-video elementor-wrapper elementor-open-inline\">\n\t\t\t\t\t<video class=\"elementor-video\" src=\"https:\/\/mrmadeiras.com.br\/wp-content\/uploads\/2025\/12\/video-forro01.mp4\" controls=\"\" preload=\"metadata\" controlsList=\"nodownload\"><\/video>\n\t\t\t\t<\/div>\n\t\t\t\t\t\t<\/div>\n\t\t\t\t<div class=\"elementor-element elementor-element-58d6be0 elementor-widget elementor-widget-video\" data-id=\"58d6be0\" data-element_type=\"widget\" data-settings=\"{&quot;video_type&quot;:&quot;hosted&quot;,&quot;controls&quot;:&quot;yes&quot;}\" data-widget_type=\"video.default\">\n\t\t\t\t\t\t\t<div class=\"e-hosted-video elementor-wrapper elementor-open-inline\">\n\t\t\t\t\t<video class=\"elementor-video\" src=\"https:\/\/mrmadeiras.com.br\/wp-content\/uploads\/2025\/12\/Madeira-beneficiads-de-angelin.mp4\" controls=\"\" preload=\"metadata\" controlsList=\"nodownload\"><\/video>\n\t\t\t\t<\/div>\n\t\t\t\t\t\t<\/div>\n\t\t\t\t<div class=\"elementor-element elementor-element-07a2a65 elementor-widget elementor-widget-video\" data-id=\"07a2a65\" data-element_type=\"widget\" data-settings=\"{&quot;video_type&quot;:&quot;hosted&quot;,&quot;controls&quot;:&quot;yes&quot;}\" data-widget_type=\"video.default\">\n\t\t\t\t\t\t\t<div class=\"e-hosted-video elementor-wrapper elementor-open-inline\">\n\t\t\t\t\t<video class=\"elementor-video\" src=\"https:\/\/mrmadeiras.com.br\/wp-content\/uploads\/2025\/12\/video-02.mp4\" controls=\"\" preload=\"metadata\" controlsList=\"nodownload\"><\/video>\n\t\t\t\t<\/div>\n\t\t\t\t\t\t<\/div>\n\t\t\t\t\t<\/div>\n\t\t\t\t<\/div>\n\t\t\t\t<\/div>\n\t\t","protected":false},"excerpt":{"rendered":"<p>Forro de Cedrinho Mesclado \u00e9 a escolha ideal para quem busca beleza natural, resist\u00eancia e um acabamento diferenciado. Com varia\u00e7\u00f5es sutis de tons, ele proporciona um visual elegante e aconchegante, valorizando qualquer ambiente. Forro de Cedrinho Mesclado Cambara Beneficiado c\/ Forro de Cedrinho Mesclado Cambara Beneficiado c\/ Forro de Cedrinho Mesclado Forros&nbsp; &nbsp; &nbsp; &nbsp; [&hellip;]<\/p>\n","protected":false},"author":1,"featured_media":0,"parent":0,"menu_order":0,"comment_status":"closed","ping_status":"closed","template":"","meta":{"_joinchat":[],"footnotes":""},"class_list":["post-2600","page","type-page","status-publish","hentry"],"_links":{"self":[{"href":"https:\/\/mrmadeiras.com.br\/index.php\/wp-json\/wp\/v2\/pages\/2600","targetHints":{"allow":["GET"]}}],"collection":[{"href":"https:\/\/mrmadeiras.com.br\/index.php\/wp-json\/wp\/v2\/pages"}],"about":[{"href":"https:\/\/mrmadeiras.com.br\/index.php\/wp-json\/wp\/v2\/types\/page"}],"author":[{"embeddable":true,"href":"https:\/\/mrmadeiras.com.br\/index.php\/wp-json\/wp\/v2\/users\/1"}],"replies":[{"embeddable":true,"href":"https:\/\/mrmadeiras.com.br\/index.php\/wp-json\/wp\/v2\/comments?post=2600"}],"version-history":[{"count":13,"href":"https:\/\/mrmadeiras.com.br\/index.php\/wp-json\/wp\/v2\/pages\/2600\/revisions"}],"predecessor-version":[{"id":2772,"href":"https:\/\/mrmadeiras.com.br\/index.php\/wp-json\/wp\/v2\/pages\/2600\/revisions\/2772"}],"wp:attachment":[{"href":"https:\/\/mrmadeiras.com.br\/index.php\/wp-json\/wp\/v2\/media?parent=2600"}],"curies":[{"name":"wp","href":"https:\/\/api.w.org\/{rel}","templated":true}]}}